{"id":1594,"date":"2025-02-22T16:53:53","date_gmt":"2025-02-22T16:53:53","guid":{"rendered":"https:\/\/cisnehannover.org\/?page_id=1594"},"modified":"2025-03-15T22:57:39","modified_gmt":"2025-03-15T22:57:39","slug":"charlas-informativas","status":"publish","type":"page","link":"https:\/\/cisnehannover.org\/de\/charlas-informativas\/","title":{"rendered":"Vortr\u00e4ge"},"content":{"rendered":"<div data-elementor-type=\"wp-page\" data-elementor-id=\"1594\" class=\"elementor elementor-1594\">\n\t\t\t\t<div class=\"elementor-element elementor-element-4bac71ea e-con-full e-grid e-con e-child\" data-id=\"4bac71ea\" data-element_type=\"container\" data-e-type=\"container\" data-settings=\"{&quot;background_background&quot;:&quot;classic&quot;}\">\n\t\t<div class=\"elementor-element elementor-element-3a14d979 e-con-full e-flex e-con e-child\" data-id=\"3a14d979\" data-element_type=\"container\" data-e-type=\"container\">\n\t\t\t\t<div class=\"elementor-element elementor-element-53c98c22 elementor-widget__width-initial elementor-widget elementor-widget-heading\" data-id=\"53c98c22\" data-element_type=\"widget\" data-e-type=\"widget\" data-widget_type=\"heading.default\">\n\t\t\t\t<div class=\"elementor-widget-container\">\n\t\t\t\t\t<h1 class=\"elementor-heading-title elementor-size-default\">Vortr\u00e4ge<\/h1>\t\t\t\t<\/div>\n\t\t\t\t<\/div>\n\t\t\t\t<div class=\"elementor-element elementor-element-1e0d8f43 elementor-widget elementor-widget-text-editor\" data-id=\"1e0d8f43\" data-element_type=\"widget\" data-e-type=\"widget\" data-widget_type=\"text-editor.default\">\n\t\t\t\t<div class=\"elementor-widget-container\">\n\t\t\t\t\t\t\t\t\t<p>M\u00e1s informaci\u00f3n muy pronto<\/p>\t\t\t\t\t\t\t\t<\/div>\n\t\t\t\t<\/div>\n\t\t\t\t<\/div>\n\t\t\t\t<div class=\"elementor-element elementor-element-4c636d84 elementor-arrows-position-inside elementor-widget elementor-widget-image-carousel\" data-id=\"4c636d84\" data-element_type=\"widget\" data-e-type=\"widget\" data-settings=\"{&quot;slides_to_show&quot;:&quot;1&quot;,&quot;navigation&quot;:&quot;arrows&quot;,&quot;autoplay&quot;:&quot;yes&quot;,&quot;pause_on_hover&quot;:&quot;yes&quot;,&quot;pause_on_interaction&quot;:&quot;yes&quot;,&quot;autoplay_speed&quot;:5000,&quot;infinite&quot;:&quot;yes&quot;,&quot;effect&quot;:&quot;slide&quot;,&quot;speed&quot;:500}\" data-widget_type=\"image-carousel.default\">\n\t\t\t\t<div class=\"elementor-widget-container\">\n\t\t\t\t\t\t\t<div class=\"elementor-image-carousel-wrapper swiper\" role=\"region\" aria-roledescription=\"carousel\" aria-label=\"Carrusel de im\u00e1genes\" dir=\"ltr\">\n\t\t\t<div class=\"elementor-image-carousel swiper-wrapper\" aria-live=\"off\">\n\t\t\t\t\t\t\t\t<div class=\"swiper-slide\" role=\"group\" aria-roledescription=\"slide\" aria-label=\"1 von 2\" data-no-translation-aria-label=\"\"><figure class=\"swiper-slide-inner\"><img decoding=\"async\" class=\"swiper-slide-image\" src=\"https:\/\/cisnehannover.org\/wp-content\/uploads\/2025\/02\/Imagen-de-WhatsApp-2025-02-22-a-las-17.51.02_32072cc0.jpg\" alt=\"Imagen de WhatsApp 2025-02-22 a las 17.51.02_32072cc0\" \/><\/figure><\/div><div class=\"swiper-slide\" role=\"group\" aria-roledescription=\"slide\" aria-label=\"2 von 2\" data-no-translation-aria-label=\"\"><figure class=\"swiper-slide-inner\"><img decoding=\"async\" class=\"swiper-slide-image\" src=\"https:\/\/cisnehannover.org\/wp-content\/uploads\/2025\/02\/Imagen-de-WhatsApp-2025-02-22-a-las-17.51.07_74753e2f.jpg\" alt=\"Imagen de WhatsApp 2025-02-22 a las 17.51.07_74753e2f\" \/><\/figure><\/div>\t\t\t<\/div>\n\t\t\t\t\t\t\t\t\t\t\t\t<div class=\"elementor-swiper-button elementor-swiper-button-prev\" role=\"button\" tabindex=\"0\">\n\t\t\t\t\t\t<svg aria-hidden=\"true\" class=\"e-font-icon-svg e-eicon-chevron-left\" viewbox=\"0 0 1000 1000\" xmlns=\"http:\/\/www.w3.org\/2000\/svg\"><path d=\"M646 125C629 125 613 133 604 142L308 442C296 454 292 471 292 487 292 504 296 521 308 533L604 854C617 867 629 875 646 875 663 875 679 871 692 858 704 846 713 829 713 812 713 796 708 779 692 767L438 487 692 225C700 217 708 204 708 187 708 171 704 154 692 142 675 129 663 125 646 125Z\"><\/path><\/svg>\t\t\t\t\t<\/div>\n\t\t\t\t\t<div class=\"elementor-swiper-button elementor-swiper-button-next\" role=\"button\" tabindex=\"0\">\n\t\t\t\t\t\t<svg aria-hidden=\"true\" class=\"e-font-icon-svg e-eicon-chevron-right\" viewbox=\"0 0 1000 1000\" xmlns=\"http:\/\/www.w3.org\/2000\/svg\"><path d=\"M696 533C708 521 713 504 713 487 713 471 708 454 696 446L400 146C388 133 375 125 354 125 338 125 325 129 313 142 300 154 292 171 292 187 292 204 296 221 308 233L563 492 304 771C292 783 288 800 288 817 288 833 296 850 308 863 321 871 338 875 354 875 371 875 388 867 400 854L696 533Z\"><\/path><\/svg>\t\t\t\t\t<\/div>\n\t\t\t\t\n\t\t\t\t\t\t\t\t\t<\/div>\n\t\t\t\t\t\t<\/div>\n\t\t\t\t<\/div>\n\t\t\t\t<\/div>\n\t\t<div class=\"elementor-element elementor-element-623f701c e-flex e-con-boxed e-con e-parent\" data-id=\"623f701c\" data-element_type=\"container\" data-e-type=\"container\">\n\t\t\t\t\t<div class=\"e-con-inner\">\n\t\t<div class=\"elementor-element elementor-element-65c114ff e-con-full e-flex elementor-invisible e-con e-child\" data-id=\"65c114ff\" data-element_type=\"container\" data-e-type=\"container\" data-settings=\"{&quot;animation&quot;:&quot;fadeIn&quot;}\">\n\t\t\t\t<div class=\"elementor-element elementor-element-3ff2598b elementor-widget elementor-widget-heading\" data-id=\"3ff2598b\" data-element_type=\"widget\" data-e-type=\"widget\" data-widget_type=\"heading.default\">\n\t\t\t\t<div class=\"elementor-widget-container\">\n\t\t\t\t\t<h2 class=\"elementor-heading-title elementor-size-default\">Weitere Aktivit\u00e4ten im \u00dcberblick<\/h2>\t\t\t\t<\/div>\n\t\t\t\t<\/div>\n\t\t\t\t<\/div>\n\t\t<div class=\"elementor-element elementor-element-2eb22d6d e-con-full e-flex elementor-invisible e-con e-child\" data-id=\"2eb22d6d\" data-element_type=\"container\" data-e-type=\"container\" data-settings=\"{&quot;animation&quot;:&quot;fadeIn&quot;}\">\n\t\t\t\t<div class=\"elementor-element elementor-element-5e20f23d elementor-widget elementor-widget-text-editor\" data-id=\"5e20f23d\" data-element_type=\"widget\" data-e-type=\"widget\" data-widget_type=\"text-editor.default\">\n\t\t\t\t<div class=\"elementor-widget-container\">\n\t\t\t\t\t\t\t\t\t<p>W\u00f6chentliche, monatliche und einmalige, meist kostenlose Aktivit\u00e4ten zur F\u00f6rderung der sozialen Integration in Hannover und Umgebung.<\/p>\t\t\t\t\t\t\t\t<\/div>\n\t\t\t\t<\/div>\n\t\t\t\t<div class=\"elementor-element elementor-element-32fcb928 elementor-button-info elementor-align-right elementor-widget elementor-widget-button\" data-id=\"32fcb928\" data-element_type=\"widget\" data-e-type=\"widget\" data-widget_type=\"button.default\">\n\t\t\t\t<div class=\"elementor-widget-container\">\n\t\t\t\t\t\t\t\t\t<div class=\"elementor-button-wrapper\">\n\t\t\t\t\t<a class=\"elementor-button elementor-button-link elementor-size-sm\" href=\"https:\/\/cisnehannover.org\/actividades\/\">\n\t\t\t\t\t\t<span class=\"elementor-button-content-wrapper\">\n\t\t\t\t\t\t\t\t\t<span class=\"elementor-button-text\">+ Aktivit\u00e4ten<\/span>\n\t\t\t\t\t<\/span>\n\t\t\t\t\t<\/a>\n\t\t\t\t<\/div>\n\t\t\t\t\t\t\t\t<\/div>\n\t\t\t\t<\/div>\n\t\t\t\t<\/div>\n\t\t\t\t\t<\/div>\n\t\t\t\t<\/div>\n\t\t\t\t<\/div>","protected":false},"excerpt":{"rendered":"<p>Charlas Informativas M\u00e1s informaci\u00f3n muy pronto Echa un vistazo a nuestras otras actividades Actividades semanales mensuales y puntuales, casi siempre [&hellip;]<\/p>\n","protected":false},"author":1,"featured_media":1600,"parent":0,"menu_order":0,"comment_status":"closed","ping_status":"closed","template":"","meta":{"site-sidebar-layout":"no-sidebar","site-content-layout":"","ast-site-content-layout":"full-width-container","site-content-style":"default","site-sidebar-style":"default","ast-global-header-display":"","ast-banner-title-visibility":"","ast-main-header-display":"","ast-hfb-above-header-display":"","ast-hfb-below-header-display":"","ast-hfb-mobile-header-display":"","site-post-title":"disabled","ast-breadcrumbs-content":"","ast-featured-img":"disabled","footer-sml-layout":"","theme-transparent-header-meta":"","adv-header-id-meta":"","stick-header-meta":"","header-above-stick-meta":"","header-main-stick-meta":"","header-below-stick-meta":"","astra-migrate-meta-layouts":"default","ast-page-background-enabled":"default","ast-page-background-meta":{"desktop":{"background-color":"var(--ast-global-color-5)","background-image":"","background-repeat":"repeat","background-position":"center center","background-size":"auto","background-attachment":"scroll","background-type":"","background-media":"","overlay-type":"","overlay-color":"","overlay-opacity":"","overlay-gradient":""},"tablet":{"background-color":"","background-image":"","background-repeat":"repeat","background-position":"center center","background-size":"auto","background-attachment":"scroll","background-type":"","background-media":"","overlay-type":"","overlay-color":"","overlay-opacity":"","overlay-gradient":""},"mobile":{"background-color":"","background-image":"","background-repeat":"repeat","background-position":"center center","background-size":"auto","background-attachment":"scroll","background-type":"","background-media":"","overlay-type":"","overlay-color":"","overlay-opacity":"","overlay-gradient":""}},"ast-content-background-meta":{"desktop":{"background-color":"var(--ast-global-color-4)","background-image":"","background-repeat":"repeat","background-position":"center center","background-size":"auto","background-attachment":"scroll","background-type":"","background-media":"","overlay-type":"","overlay-color":"","overlay-opacity":"","overlay-gradient":""},"tablet":{"background-color":"var(--ast-global-color-4)","background-image":"","background-repeat":"repeat","background-position":"center center","background-size":"auto","background-attachment":"scroll","background-type":"","background-media":"","overlay-type":"","overlay-color":"","overlay-opacity":"","overlay-gradient":""},"mobile":{"background-color":"var(--ast-global-color-4)","background-image":"","background-repeat":"repeat","background-position":"center center","background-size":"auto","background-attachment":"scroll","background-type":"","background-media":"","overlay-type":"","overlay-color":"","overlay-opacity":"","overlay-gradient":""}},"footnotes":""},"class_list":["post-1594","page","type-page","status-publish","has-post-thumbnail","hentry"],"yoast_head":"<!-- This site is optimized with the Yoast SEO plugin v27.0 - https:\/\/yoast.com\/product\/yoast-seo-wordpress\/ -->\n<title>Charlas Informativas - CISNE Hannover e.V.<\/title>\n<meta name=\"robots\" content=\"index, follow, max-snippet:-1, max-image-preview:large, max-video-preview:-1\" \/>\n<link rel=\"canonical\" href=\"https:\/\/cisnehannover.org\/de\/charlas-informativas\/\" \/>\n<meta property=\"og:locale\" content=\"de_DE\" \/>\n<meta property=\"og:type\" content=\"article\" \/>\n<meta property=\"og:title\" content=\"Charlas Informativas - CISNE Hannover e.V.\" \/>\n<meta property=\"og:description\" content=\"Charlas Informativas M\u00e1s informaci\u00f3n muy pronto Echa un vistazo a nuestras otras actividades Actividades semanales mensuales y puntuales, casi siempre [&hellip;]\" \/>\n<meta property=\"og:url\" content=\"https:\/\/cisnehannover.org\/de\/charlas-informativas\/\" \/>\n<meta property=\"og:site_name\" content=\"CISNE Hannover e.V.\" \/>\n<meta property=\"article:publisher\" content=\"https:\/\/www.facebook.com\/CISNE.Hannover\/\" \/>\n<meta property=\"article:modified_time\" content=\"2025-03-15T22:57:39+00:00\" \/>\n<meta property=\"og:image\" content=\"https:\/\/cisnehannover.org\/wp-content\/uploads\/2025\/02\/Imagen-de-WhatsApp-2025-02-22-a-las-17.51.07_74753e2f.jpg\" \/>\n\t<meta property=\"og:image:width\" content=\"2000\" \/>\n\t<meta property=\"og:image:height\" content=\"1500\" \/>\n\t<meta property=\"og:image:type\" content=\"image\/jpeg\" \/>\n<meta name=\"twitter:card\" content=\"summary_large_image\" \/>\n<meta name=\"twitter:label1\" content=\"Gesch\u00e4tzte Lesezeit\" \/>\n\t<meta name=\"twitter:data1\" content=\"1\u00a0Minute\" \/>\n<script type=\"application\/ld+json\" class=\"yoast-schema-graph\">{\"@context\":\"https:\/\/schema.org\",\"@graph\":[{\"@type\":\"WebPage\",\"@id\":\"https:\/\/cisnehannover.org\/charlas-informativas\/\",\"url\":\"https:\/\/cisnehannover.org\/charlas-informativas\/\",\"name\":\"Charlas Informativas - CISNE Hannover e.V.\",\"isPartOf\":{\"@id\":\"https:\/\/cisnehannover.org\/#website\"},\"primaryImageOfPage\":{\"@id\":\"https:\/\/cisnehannover.org\/charlas-informativas\/#primaryimage\"},\"image\":{\"@id\":\"https:\/\/cisnehannover.org\/charlas-informativas\/#primaryimage\"},\"thumbnailUrl\":\"https:\/\/cisnehannover.org\/wp-content\/uploads\/2025\/02\/Imagen-de-WhatsApp-2025-02-22-a-las-17.51.07_74753e2f.jpg\",\"datePublished\":\"2025-02-22T16:53:53+00:00\",\"dateModified\":\"2025-03-15T22:57:39+00:00\",\"breadcrumb\":{\"@id\":\"https:\/\/cisnehannover.org\/charlas-informativas\/#breadcrumb\"},\"inLanguage\":\"de\",\"potentialAction\":[{\"@type\":\"ReadAction\",\"target\":[\"https:\/\/cisnehannover.org\/charlas-informativas\/\"]}]},{\"@type\":\"ImageObject\",\"inLanguage\":\"de\",\"@id\":\"https:\/\/cisnehannover.org\/charlas-informativas\/#primaryimage\",\"url\":\"https:\/\/cisnehannover.org\/wp-content\/uploads\/2025\/02\/Imagen-de-WhatsApp-2025-02-22-a-las-17.51.07_74753e2f.jpg\",\"contentUrl\":\"https:\/\/cisnehannover.org\/wp-content\/uploads\/2025\/02\/Imagen-de-WhatsApp-2025-02-22-a-las-17.51.07_74753e2f.jpg\",\"width\":2000,\"height\":1500},{\"@type\":\"BreadcrumbList\",\"@id\":\"https:\/\/cisnehannover.org\/charlas-informativas\/#breadcrumb\",\"itemListElement\":[{\"@type\":\"ListItem\",\"position\":1,\"name\":\"Home\",\"item\":\"https:\/\/cisnehannover.org\/\"},{\"@type\":\"ListItem\",\"position\":2,\"name\":\"Charlas Informativas\"}]},{\"@type\":\"WebSite\",\"@id\":\"https:\/\/cisnehannover.org\/#website\",\"url\":\"https:\/\/cisnehannover.org\/\",\"name\":\"CISNE Hannover e.V.\",\"description\":\"Asociaci\u00f3n sin \u00e1nimo de lucro\",\"publisher\":{\"@id\":\"https:\/\/cisnehannover.org\/#organization\"},\"potentialAction\":[{\"@type\":\"SearchAction\",\"target\":{\"@type\":\"EntryPoint\",\"urlTemplate\":\"https:\/\/cisnehannover.org\/?s={search_term_string}\"},\"query-input\":{\"@type\":\"PropertyValueSpecification\",\"valueRequired\":true,\"valueName\":\"search_term_string\"}}],\"inLanguage\":\"de\"},{\"@type\":\"Organization\",\"@id\":\"https:\/\/cisnehannover.org\/#organization\",\"name\":\"CISNE Hannover e.V.\",\"url\":\"https:\/\/cisnehannover.org\/\",\"logo\":{\"@type\":\"ImageObject\",\"inLanguage\":\"de\",\"@id\":\"https:\/\/cisnehannover.org\/#\/schema\/logo\/image\/\",\"url\":\"https:\/\/cisnehannover.org\/wp-content\/uploads\/2025\/02\/cropped-logotipo-cisne.png\",\"contentUrl\":\"https:\/\/cisnehannover.org\/wp-content\/uploads\/2025\/02\/cropped-logotipo-cisne.png\",\"width\":382,\"height\":56,\"caption\":\"CISNE Hannover e.V.\"},\"image\":{\"@id\":\"https:\/\/cisnehannover.org\/#\/schema\/logo\/image\/\"},\"sameAs\":[\"https:\/\/www.facebook.com\/CISNE.Hannover\/\",\"https:\/\/www.instagram.com\/cisne.hannover\"]}]}<\/script>\n<!-- \/ Yoast SEO plugin. -->","yoast_head_json":{"title":"Charlas Informativas - CISNE Hannover e.V.","robots":{"index":"index","follow":"follow","max-snippet":"max-snippet:-1","max-image-preview":"max-image-preview:large","max-video-preview":"max-video-preview:-1"},"canonical":"https:\/\/cisnehannover.org\/de\/charlas-informativas\/","og_locale":"de_DE","og_type":"article","og_title":"Charlas Informativas - CISNE Hannover e.V.","og_description":"Charlas Informativas M\u00e1s informaci\u00f3n muy pronto Echa un vistazo a nuestras otras actividades Actividades semanales mensuales y puntuales, casi siempre [&hellip;]","og_url":"https:\/\/cisnehannover.org\/de\/charlas-informativas\/","og_site_name":"CISNE Hannover e.V.","article_publisher":"https:\/\/www.facebook.com\/CISNE.Hannover\/","article_modified_time":"2025-03-15T22:57:39+00:00","og_image":[{"width":2000,"height":1500,"url":"https:\/\/cisnehannover.org\/wp-content\/uploads\/2025\/02\/Imagen-de-WhatsApp-2025-02-22-a-las-17.51.07_74753e2f.jpg","type":"image\/jpeg"}],"twitter_card":"summary_large_image","twitter_misc":{"Gesch\u00e4tzte Lesezeit":"1\u00a0Minute"},"schema":{"@context":"https:\/\/schema.org","@graph":[{"@type":"WebPage","@id":"https:\/\/cisnehannover.org\/charlas-informativas\/","url":"https:\/\/cisnehannover.org\/charlas-informativas\/","name":"Charlas Informativas - CISNE Hannover e.V.","isPartOf":{"@id":"https:\/\/cisnehannover.org\/#website"},"primaryImageOfPage":{"@id":"https:\/\/cisnehannover.org\/charlas-informativas\/#primaryimage"},"image":{"@id":"https:\/\/cisnehannover.org\/charlas-informativas\/#primaryimage"},"thumbnailUrl":"https:\/\/cisnehannover.org\/wp-content\/uploads\/2025\/02\/Imagen-de-WhatsApp-2025-02-22-a-las-17.51.07_74753e2f.jpg","datePublished":"2025-02-22T16:53:53+00:00","dateModified":"2025-03-15T22:57:39+00:00","breadcrumb":{"@id":"https:\/\/cisnehannover.org\/charlas-informativas\/#breadcrumb"},"inLanguage":"de","potentialAction":[{"@type":"ReadAction","target":["https:\/\/cisnehannover.org\/charlas-informativas\/"]}]},{"@type":"ImageObject","inLanguage":"de","@id":"https:\/\/cisnehannover.org\/charlas-informativas\/#primaryimage","url":"https:\/\/cisnehannover.org\/wp-content\/uploads\/2025\/02\/Imagen-de-WhatsApp-2025-02-22-a-las-17.51.07_74753e2f.jpg","contentUrl":"https:\/\/cisnehannover.org\/wp-content\/uploads\/2025\/02\/Imagen-de-WhatsApp-2025-02-22-a-las-17.51.07_74753e2f.jpg","width":2000,"height":1500},{"@type":"BreadcrumbList","@id":"https:\/\/cisnehannover.org\/charlas-informativas\/#breadcrumb","itemListElement":[{"@type":"ListItem","position":1,"name":"Home","item":"https:\/\/cisnehannover.org\/"},{"@type":"ListItem","position":2,"name":"Charlas Informativas"}]},{"@type":"WebSite","@id":"https:\/\/cisnehannover.org\/#website","url":"https:\/\/cisnehannover.org\/","name":"CISNE Hannover e.V.","description":"Asociaci\u00f3n sin \u00e1nimo de lucro","publisher":{"@id":"https:\/\/cisnehannover.org\/#organization"},"potentialAction":[{"@type":"SearchAction","target":{"@type":"EntryPoint","urlTemplate":"https:\/\/cisnehannover.org\/?s={search_term_string}"},"query-input":{"@type":"PropertyValueSpecification","valueRequired":true,"valueName":"search_term_string"}}],"inLanguage":"de"},{"@type":"Organization","@id":"https:\/\/cisnehannover.org\/#organization","name":"CISNE Hannover e.V.","url":"https:\/\/cisnehannover.org\/","logo":{"@type":"ImageObject","inLanguage":"de","@id":"https:\/\/cisnehannover.org\/#\/schema\/logo\/image\/","url":"https:\/\/cisnehannover.org\/wp-content\/uploads\/2025\/02\/cropped-logotipo-cisne.png","contentUrl":"https:\/\/cisnehannover.org\/wp-content\/uploads\/2025\/02\/cropped-logotipo-cisne.png","width":382,"height":56,"caption":"CISNE Hannover e.V."},"image":{"@id":"https:\/\/cisnehannover.org\/#\/schema\/logo\/image\/"},"sameAs":["https:\/\/www.facebook.com\/CISNE.Hannover\/","https:\/\/www.instagram.com\/cisne.hannover"]}]}},"_links":{"self":[{"href":"https:\/\/cisnehannover.org\/de\/wp-json\/wp\/v2\/pages\/1594","targetHints":{"allow":["GET"]}}],"collection":[{"href":"https:\/\/cisnehannover.org\/de\/wp-json\/wp\/v2\/pages"}],"about":[{"href":"https:\/\/cisnehannover.org\/de\/wp-json\/wp\/v2\/types\/page"}],"author":[{"embeddable":true,"href":"https:\/\/cisnehannover.org\/de\/wp-json\/wp\/v2\/users\/1"}],"replies":[{"embeddable":true,"href":"https:\/\/cisnehannover.org\/de\/wp-json\/wp\/v2\/comments?post=1594"}],"version-history":[{"count":13,"href":"https:\/\/cisnehannover.org\/de\/wp-json\/wp\/v2\/pages\/1594\/revisions"}],"predecessor-version":[{"id":2975,"href":"https:\/\/cisnehannover.org\/de\/wp-json\/wp\/v2\/pages\/1594\/revisions\/2975"}],"wp:featuredmedia":[{"embeddable":true,"href":"https:\/\/cisnehannover.org\/de\/wp-json\/wp\/v2\/media\/1600"}],"wp:attachment":[{"href":"https:\/\/cisnehannover.org\/de\/wp-json\/wp\/v2\/media?parent=1594"}],"curies":[{"name":"wp","href":"https:\/\/api.w.org\/{rel}","templated":true}]}}